{"id":25103267,"date":"2025-05-04T21:33:35","date_gmt":"2025-05-04T19:33:35","guid":{"rendered":"https:\/\/www.nishplas.eu\/dokumente\/"},"modified":"2025-10-28T20:00:54","modified_gmt":"2025-10-28T19:00:54","slug":"documents","status":"publish","type":"page","link":"https:\/\/www.nishplas.eu\/fr\/documents\/","title":{"rendered":"Documents"},"content":{"rendered":"<p>[et_pb_section fb_built=\u00a0\u00bb1&Prime; custom_padding_last_edited=\u00a0\u00bbon|desktop\u00a0\u00bb _builder_version=\u00a0\u00bb4.27.4&Prime; _module_preset=\u00a0\u00bbdefault\u00a0\u00bb custom_padding=\u00a0\u00bb||4vw||false|false\u00a0\u00bb custom_padding_tablet=\u00a0\u00bb||4vw||false|false\u00a0\u00bb custom_padding_phone=\u00a0\u00bb||4vw||false|false\u00a0\u00bb locked=\u00a0\u00bboff\u00a0\u00bb global_colors_info=\u00a0\u00bb{}\u00a0\u00bb][et_pb_row _builder_version=\u00a0\u00bb4.24.0&Prime; _module_preset=\u00a0\u00bbdefault\u00a0\u00bb global_colors_info=\u00a0\u00bb{}\u00a0\u00bb][et_pb_column type=\u00a0\u00bb4_4&Prime; _builder_version=\u00a0\u00bb4.24.0&Prime; _module_preset=\u00a0\u00bbdefault\u00a0\u00bb global_colors_info=\u00a0\u00bb{}\u00a0\u00bb][et_pb_text _builder_version=\u00a0\u00bb4.27.4&Prime; header_2_font=\u00a0\u00bbPlayfair Display|||on|||||\u00a0\u00bb header_2_text_align=\u00a0\u00bbleft\u00a0\u00bb header_2_text_color=\u00a0\u00bb#006633&Prime; header_2_font_size=\u00a0\u00bb42px\u00a0\u00bb text_orientation=\u00a0\u00bbcenter\u00a0\u00bb custom_margin=\u00a0\u00bb||5px|||\u00a0\u00bb custom_padding=\u00a0\u00bb0px||1.5vw||false|false\u00a0\u00bb header_2_font_tablet=\u00a0\u00bbPoppins||||||||\u00a0\u00bb header_2_font_phone=\u00a0\u00bbPoppins|600|||||||\u00a0\u00bb header_2_font_last_edited=\u00a0\u00bbon|phone\u00a0\u00bb header_2_text_align_tablet=\u00a0\u00bbleft\u00a0\u00bb header_2_text_align_phone=\u00a0\u00bbleft\u00a0\u00bb header_2_text_align_last_edited=\u00a0\u00bbon|phone\u00a0\u00bb header_2_font_size_tablet=\u00a0\u00bb50px\u00a0\u00bb header_2_font_size_phone=\u00a0\u00bb1.8em\u00a0\u00bb header_2_font_size_last_edited=\u00a0\u00bbon|phone\u00a0\u00bb locked=\u00a0\u00bboff\u00a0\u00bb global_colors_info=\u00a0\u00bb{}\u00a0\u00bb]<\/p>\n<h2>Brochures<\/h2>\n<p>[\/et_pb_text][wdcl_image_carousel animation_speed=\u00a0\u00bb500ms\u00a0\u00bb is_autoplay=\u00a0\u00bboff\u00a0\u00bb nav_pagi=\u00a0\u00bbnone\u00a0\u00bb slide_spacing=\u00a0\u00bb30px\u00a0\u00bb arrow_color=\u00a0\u00bb#FFFFFF\u00a0\u00bb arrow_bg=\u00a0\u00bb#006633&Prime; arrow_pos_x=\u00a0\u00bb-45px\u00a0\u00bb icon_left=\u00a0\u00bb&#x38;||divi||400&Prime; icon_right=\u00a0\u00bb&#x39;||divi||400&Prime; use_lightbox=\u00a0\u00bbon\u00a0\u00bb nav_pagi_tablet=\u00a0\u00bbnav\u00a0\u00bb nav_pagi_phone=\u00a0\u00bbnav\u00a0\u00bb nav_pagi_last_edited=\u00a0\u00bbon|desktop\u00a0\u00bb slide_count_tablet=\u00a0\u00bb2&Prime; slide_count_phone=\u00a0\u00bb1&Prime; slide_count_last_edited=\u00a0\u00bbon|phone\u00a0\u00bb arrow_pos_x_tablet=\u00a0\u00bb-45px\u00a0\u00bb arrow_pos_x_phone=\u00a0\u00bb-15px\u00a0\u00bb arrow_pos_x_last_edited=\u00a0\u00bbon|phone\u00a0\u00bb _builder_version=\u00a0\u00bb4.27.4&Prime; _module_preset=\u00a0\u00bbdefault\u00a0\u00bb global_colors_info=\u00a0\u00bb{}\u00a0\u00bb][wdcl_image_carousel_child photo=\u00a0\u00bbhttps:\/\/www.nishplas.eu\/wp-content\/uploads\/2025\/05\/english-1.jpg\u00a0\u00bb _builder_version=\u00a0\u00bb4.25.2&Prime; _module_preset=\u00a0\u00bbdefault\u00a0\u00bb link_option_url=\u00a0\u00bbhttps:\/\/www.nishplas.eu\/wp-content\/uploads\/2025\/05\/Nishplas_Flyer_A5_ENG-1.pdf\u00a0\u00bb link_option_url_new_window=\u00a0\u00bbon\u00a0\u00bb border_width_all_item=\u00a0\u00bb1px\u00a0\u00bb border_color_all_item=\u00a0\u00bb#e5e5e5&Prime; box_shadow_style=\u00a0\u00bbpreset1&Prime; global_colors_info=\u00a0\u00bb{}\u00a0\u00bb][\/wdcl_image_carousel_child][wdcl_image_carousel_child photo=\u00a0\u00bbhttps:\/\/www.nishplas.eu\/wp-content\/uploads\/2025\/05\/espanol-1.jpg\u00a0\u00bb _builder_version=\u00a0\u00bb4.25.2&Prime; _module_preset=\u00a0\u00bbdefault\u00a0\u00bb link_option_url=\u00a0\u00bbhttps:\/\/www.nishplas.eu\/wp-content\/uploads\/2025\/05\/Nishplas_Flyer_A5_ES-1.pdf\u00a0\u00bb link_option_url_new_window=\u00a0\u00bbon\u00a0\u00bb border_width_all_item=\u00a0\u00bb1px\u00a0\u00bb border_color_all_item=\u00a0\u00bb#e5e5e5&Prime; box_shadow_style=\u00a0\u00bbpreset1&Prime; global_colors_info=\u00a0\u00bb{}\u00a0\u00bb][\/wdcl_image_carousel_child][wdcl_image_carousel_child photo=\u00a0\u00bbhttps:\/\/www.nishplas.eu\/wp-content\/uploads\/2025\/05\/italy-1.jpg\u00a0\u00bb _builder_version=\u00a0\u00bb4.25.2&Prime; _module_preset=\u00a0\u00bbdefault\u00a0\u00bb link_option_url=\u00a0\u00bbhttps:\/\/www.nishplas.eu\/wp-content\/uploads\/2025\/05\/Nishplas_Flyer_A5_IT-1.pdf\u00a0\u00bb link_option_url_new_window=\u00a0\u00bbon\u00a0\u00bb border_width_all_item=\u00a0\u00bb1px\u00a0\u00bb border_color_all_item=\u00a0\u00bb#e5e5e5&Prime; box_shadow_style=\u00a0\u00bbpreset1&Prime; global_colors_info=\u00a0\u00bb{}\u00a0\u00bb][\/wdcl_image_carousel_child][\/wdcl_image_carousel][\/et_pb_column][\/et_pb_row][et_pb_row _builder_version=\u00a0\u00bb4.24.0&Prime; _module_preset=\u00a0\u00bbdefault\u00a0\u00bb global_colors_info=\u00a0\u00bb{}\u00a0\u00bb][et_pb_column type=\u00a0\u00bb4_4&Prime; _builder_version=\u00a0\u00bb4.24.0&Prime; _module_preset=\u00a0\u00bbdefault\u00a0\u00bb global_colors_info=\u00a0\u00bb{}\u00a0\u00bb][et_pb_text _builder_version=\u00a0\u00bb4.27.4&Prime; header_2_font=\u00a0\u00bbPlayfair Display|||on|||||\u00a0\u00bb header_2_text_align=\u00a0\u00bbleft\u00a0\u00bb header_2_text_color=\u00a0\u00bb#006633&Prime; header_2_font_size=\u00a0\u00bb42px\u00a0\u00bb text_orientation=\u00a0\u00bbcenter\u00a0\u00bb custom_margin=\u00a0\u00bb||5px|||\u00a0\u00bb custom_padding=\u00a0\u00bb0px||1.5vw||false|false\u00a0\u00bb header_2_font_tablet=\u00a0\u00bbPoppins||||||||\u00a0\u00bb header_2_font_phone=\u00a0\u00bbPoppins|600|||||||\u00a0\u00bb header_2_font_last_edited=\u00a0\u00bbon|phone\u00a0\u00bb header_2_text_align_tablet=\u00a0\u00bbleft\u00a0\u00bb header_2_text_align_phone=\u00a0\u00bbleft\u00a0\u00bb header_2_text_align_last_edited=\u00a0\u00bbon|phone\u00a0\u00bb header_2_font_size_tablet=\u00a0\u00bb50px\u00a0\u00bb header_2_font_size_phone=\u00a0\u00bb1.8em\u00a0\u00bb header_2_font_size_last_edited=\u00a0\u00bbon|phone\u00a0\u00bb locked=\u00a0\u00bboff\u00a0\u00bb global_colors_info=\u00a0\u00bb{}\u00a0\u00bb]<\/p>\n<h2>Fiche de donn\u00e9es de s\u00e9curit\u00e9<\/h2>\n<p><img decoding=\"async\" class=\"wp-image-25103220 alignnone size-medium\" style=\"float: left;\" src=\"https:\/\/www.nishplas.eu\/wp-content\/uploads\/2025\/05\/msds1-1-300x152.png\" alt=\"msds\" width=\"174\" height=\"88\" \/><\/p>\n<p>[\/et_pb_text][et_pb_image src=\u00a0\u00bbhttps:\/\/www.nishplas.eu\/wp-content\/uploads\/2025\/10\/nishplas-msds-en-0203-merged.jpg\u00a0\u00bb alt=\u00a0\u00bbnishplas-msds-en-0203-merged\u00a0\u00bb title_text=\u00a0\u00bbnishplas-msds-en-0203-merged\u00a0\u00bb url_new_window=\u00a0\u00bbon\u00a0\u00bb _builder_version=\u00a0\u00bb4.27.4&Prime; _module_preset=\u00a0\u00bbdefault\u00a0\u00bb width=\u00a0\u00bb30%\u00a0\u00bb width_tablet=\u00a0\u00bb55%\u00a0\u00bb width_phone=\u00a0\u00bb100%\u00a0\u00bb width_last_edited=\u00a0\u00bbon|desktop\u00a0\u00bb custom_margin=\u00a0\u00bb6vw||||false|false\u00a0\u00bb custom_margin_tablet=\u00a0\u00bb15vw||||false|false\u00a0\u00bb custom_margin_phone=\u00a0\u00bb30vw||||false|false\u00a0\u00bb custom_margin_last_edited=\u00a0\u00bbon|desktop\u00a0\u00bb hover_enabled=\u00a0\u00bb0&Prime; box_shadow_style=\u00a0\u00bbpreset1&Prime; global_colors_info=\u00a0\u00bb{}\u00a0\u00bb sticky_enabled=\u00a0\u00bb0&Prime;][\/et_pb_image][\/et_pb_column][\/et_pb_row][\/et_pb_section]<\/p>\n","protected":false},"excerpt":{"rendered":"<p>Brochures<div class=\"et_pb_module wdcl_image_carousel wdcl_image_carousel_0\">\n\t\t\t\t\n\t\t\t\t\n\t\t\t\t\n\t\t\t\t\n\t\t\t\t\n\t\t\t\t\n\t\t\t\t<div class=\"et_pb_module_inner\">\n\t\t\t\t\t<div dir=\"ltr\" class=\"dcm-container dcm-carousel-maker dcm-lightbox-enabled\" data-pagi=\"false\"\n\t\t\tdata-pagi-tablet=\"false\"\n\t\t\tdata-pagi-phone=\"false\"\n\t\t\tdata-nav=\"false\"\n\t\t\tdata-nav-tablet=\"true\"\n\t\t\tdata-nav-phone=\"true\"\n\t\t\tdata-autoplay=\"off\"\n\t\t\tdata-autoplay-speed=\"2000ms\"\n\t\t\tdata-speed=\"500ms\"\n\t\t\tdata-slides=\"3\"\n\t\t\tdata-slides-tablet=\"2\"\n\t\t\tdata-slides-phone=\"1\"\n\t\t\tdata-center=\"off\"\n\t\t\tdata-center-mode-type=\"classic\"\n\t\t\tdata-center-padding=\"70px||\"\n\t\t\tdata-vertical=\"off\"\n\t\t\tdata-icon-left=\"&#x38;\"\n\t\t\tdata-icon-right=\"&#x39;\"\n\t\t\tdata-infinite=\"on\"\n\t\t\tdata-variable-width=\"off\"\n\t\t\tdata-auto-height=\"off\"\n\t\t\tdata-items-scroll=\"1||\"\n\t\t\tdata-fade=\"off\"\n\t\t\tdata-dir=\"ltr\">\n                <div class=\"et_pb_with_border wdcl_image_carousel_child wdcl_image_carousel_child_0 et_clickable wdc_et_pb_module\">\n\t\t\t\t\n\t\t\t\t\n\t\t\t\t\n\t\t\t\t\n\t\t\t\t\n\t\t\t\t\n\t\t\t\t<div class=\"et_pb_module_inner\">\n\t\t\t\t\t<div class=\"dcm-carousel-item dcm-image-swap dcm-hover--none\">\n\t\t\t\t<figure class=\"dcm-lightbox-ctrl\">\n\t\t\t\t<div class=\"dcm-overlay\" data-icon=\"\"><\/div>\n\t\t\t\t<img decoding=\"async\" class=\"dcm-main-img\" data-mfp-src=\"https:\/\/www.nishplas.eu\/wp-content\/uploads\/2025\/05\/english-1.jpg\" src=\"https:\/\/www.nishplas.eu\/wp-content\/uploads\/2025\/05\/english-1.jpg\" alt=\"\"\/>\n            <\/figure> \n\t\t\t<\/div>\n\t\t\t\t<\/div>\n\t\t\t<\/div><div class=\"et_pb_with_border wdcl_image_carousel_child wdcl_image_carousel_child_1 et_clickable wdc_et_pb_module\">\n\t\t\t\t\n\t\t\t\t\n\t\t\t\t\n\t\t\t\t\n\t\t\t\t\n\t\t\t\t\n\t\t\t\t<div class=\"et_pb_module_inner\">\n\t\t\t\t\t<div class=\"dcm-carousel-item dcm-image-swap dcm-hover--none\">\n\t\t\t\t<figure class=\"dcm-lightbox-ctrl\">\n\t\t\t\t<div class=\"dcm-overlay\" data-icon=\"\"><\/div>\n\t\t\t\t<img decoding=\"async\" class=\"dcm-main-img\" data-mfp-src=\"https:\/\/www.nishplas.eu\/wp-content\/uploads\/2025\/05\/espanol-1.jpg\" src=\"https:\/\/www.nishplas.eu\/wp-content\/uploads\/2025\/05\/espanol-1.jpg\" alt=\"\"\/>\n            <\/figure> \n\t\t\t<\/div>\n\t\t\t\t<\/div>\n\t\t\t<\/div><div class=\"et_pb_with_border wdcl_image_carousel_child wdcl_image_carousel_child_2 et_clickable wdc_et_pb_module\">\n\t\t\t\t\n\t\t\t\t\n\t\t\t\t\n\t\t\t\t\n\t\t\t\t\n\t\t\t\t\n\t\t\t\t<div class=\"et_pb_module_inner\">\n\t\t\t\t\t<div class=\"dcm-carousel-item dcm-image-swap dcm-hover--none\">\n\t\t\t\t<figure class=\"dcm-lightbox-ctrl\">\n\t\t\t\t<div class=\"dcm-overlay\" data-icon=\"\"><\/div>\n\t\t\t\t<img decoding=\"async\" class=\"dcm-main-img\" data-mfp-src=\"https:\/\/www.nishplas.eu\/wp-content\/uploads\/2025\/05\/italy-1.jpg\" src=\"https:\/\/www.nishplas.eu\/wp-content\/uploads\/2025\/05\/italy-1.jpg\" alt=\"\"\/>\n            <\/figure> \n\t\t\t<\/div>\n\t\t\t\t<\/div>\n\t\t\t<\/div>\n            <\/div>\n\t\t\t\t<\/div>\n\t\t\t<\/div>Fiche de donn\u00e9es de s\u00e9curit\u00e9<\/p>\n","protected":false},"author":2,"featured_media":0,"parent":0,"menu_order":0,"comment_status":"closed","ping_status":"closed","template":"","meta":{"_et_pb_use_builder":"on","_et_pb_old_content":"","_et_gb_content_width":"","footnotes":""},"class_list":["post-25103267","page","type-page","status-publish","hentry"],"_links":{"self":[{"href":"https:\/\/www.nishplas.eu\/fr\/wp-json\/wp\/v2\/pages\/25103267","targetHints":{"allow":["GET"]}}],"collection":[{"href":"https:\/\/www.nishplas.eu\/fr\/wp-json\/wp\/v2\/pages"}],"about":[{"href":"https:\/\/www.nishplas.eu\/fr\/wp-json\/wp\/v2\/types\/page"}],"author":[{"embeddable":true,"href":"https:\/\/www.nishplas.eu\/fr\/wp-json\/wp\/v2\/users\/2"}],"replies":[{"embeddable":true,"href":"https:\/\/www.nishplas.eu\/fr\/wp-json\/wp\/v2\/comments?post=25103267"}],"version-history":[{"count":3,"href":"https:\/\/www.nishplas.eu\/fr\/wp-json\/wp\/v2\/pages\/25103267\/revisions"}],"predecessor-version":[{"id":25105172,"href":"https:\/\/www.nishplas.eu\/fr\/wp-json\/wp\/v2\/pages\/25103267\/revisions\/25105172"}],"wp:attachment":[{"href":"https:\/\/www.nishplas.eu\/fr\/wp-json\/wp\/v2\/media?parent=25103267"}],"curies":[{"name":"wp","href":"https:\/\/api.w.org\/{rel}","templated":true}]}}